{"id":393,"date":"2022-02-07T09:43:19","date_gmt":"2022-02-07T09:43:19","guid":{"rendered":"https:\/\/www.manueeltherapie-elferink.nl\/?page_id=393"},"modified":"2022-02-07T09:51:01","modified_gmt":"2022-02-07T09:51:01","slug":"information","status":"publish","type":"page","link":"https:\/\/www.manueeltherapie-elferink.nl\/de\/information\/","title":{"rendered":"Information"},"content":{"rendered":"<p><div class=\"fusion-fullwidth fullwidth-box fusion-builder-row-1 fusion-flex-container fusion-parallax-none nonhundred-percent-fullwidth non-hundred-percent-height-scrolling\" style=\"--awb-border-radius-top-left:0px;--awb-border-radius-top-right:0px;--awb-border-radius-bottom-right:0px;--awb-border-radius-bottom-left:0px;--awb-padding-top:320px;--awb-padding-bottom:160px;--awb-background-image:linear-gradient(180deg, rgba(8,34,42,0.1) 0%,rgba(8,34,42,0.1) 100%),url(https:\/\/www.manueeltherapie-elferink.nl\/wp-content\/uploads\/2022\/01\/home-manueel-therapie.jpg);;--awb-background-size:cover;--awb-flex-wrap:wrap;\" ><div class=\"fusion-builder-row fusion-row fusion-flex-align-items-flex-start fusion-flex-content-wrap\" style=\"max-width:1352px;margin-left: calc(-4% \/ 2 );margin-right: calc(-4% \/ 2 );\"><div class=\"fusion-layout-column fusion_builder_column fusion-builder-column-0 fusion_builder_column_1_1 1_1 fusion-flex-column\" style=\"--awb-bg-size:cover;--awb-width-large:100%;--awb-margin-top-large:0px;--awb-spacing-right-large:1.92%;--awb-margin-bottom-large:20px;--awb-spacing-left-large:1.92%;--awb-width-medium:100%;--awb-order-medium:0;--awb-spacing-right-medium:1.92%;--awb-spacing-left-medium:1.92%;--awb-width-small:100%;--awb-order-small:0;--awb-spacing-right-small:1.92%;--awb-spacing-left-small:1.92%;\"><div class=\"fusion-column-wrapper fusion-column-has-shadow fusion-flex-justify-content-flex-start fusion-content-layout-column\"><div class=\"fusion-title title fusion-title-1 fusion-sep-none fusion-title-text fusion-title-size-one\" style=\"--awb-text-color:#ffffff;\"><h1 class=\"fusion-title-heading title-heading-left fusion-responsive-typography-calculated\" style=\"margin:0;--fontSize:80;line-height:1.2;\">Information<\/h1><\/div><\/div><\/div><\/div><\/div><div class=\"fusion-fullwidth fullwidth-box fusion-builder-row-2 fusion-flex-container background-gradient-container nonhundred-percent-fullwidth non-hundred-percent-height-scrolling\" style=\"--awb-border-radius-top-left:0px;--awb-border-radius-top-right:0px;--awb-border-radius-bottom-right:0px;--awb-border-radius-bottom-left:0px;--awb-padding-top:0px;--awb-padding-bottom:0px;--awb-background-image:linear-gradient(270deg, rgba(31,163,204,0.1) 50%,rgba(255,255,255,0) 50%);--awb-flex-wrap:wrap;\" ><div class=\"fusion-builder-row fusion-row fusion-flex-align-items-flex-start fusion-flex-content-wrap\" style=\"max-width:1352px;margin-left: calc(-4% \/ 2 );margin-right: calc(-4% \/ 2 );\"><div class=\"fusion-layout-column fusion_builder_column fusion-builder-column-1 fusion_builder_column_1_1 1_1 fusion-flex-column column-padding-left-right\" style=\"--awb-padding-top:128px;--awb-bg-color:#ffffff;--awb-bg-color-hover:#ffffff;--awb-bg-size:cover;--awb-width-large:100%;--awb-margin-top-large:-64px;--awb-spacing-right-large:1.92%;--awb-margin-bottom-large:0px;--awb-spacing-left-large:1.92%;--awb-width-medium:100%;--awb-order-medium:0;--awb-spacing-right-medium:1.92%;--awb-spacing-left-medium:1.92%;--awb-width-small:100%;--awb-order-small:0;--awb-spacing-right-small:1.92%;--awb-spacing-left-small:1.92%;\"><div class=\"fusion-column-wrapper fusion-column-has-shadow fusion-flex-justify-content-flex-start fusion-content-layout-column\"><div class=\"fusion-text fusion-text-1\" style=\"--awb-text-transform:none;\"><ul>\n<li>Ihre Datei ist pers\u00f6nlich und f\u00fcr Dritte nicht zug\u00e4nglich<\/li>\n<li>Sie haben das Recht, Ihre Akte einzusehen und eine Kopie der Akte zu erhalten<\/li>\n<li>Sie k\u00f6nnen verlangen, dass \u00c4nderungen an der Datei vorgenommen werden<\/li>\n<li>Sie k\u00f6nnen verlangen, dass die Akte vernichtet wird, wobei die WGBO bestimmt, dass dem Antrag innerhalb von 3 Monaten stattgegeben wird<\/li>\n<\/ul>\n<h2>Informationen und Datenschutz<\/h2>\n<ul>\n<li>Der Therapeut h\u00e4lt sich an die Vertraulichkeitsrichtlinien<\/li>\n<li>Am Ende der Behandlungsserie erfolgt mit Ihrem Einverst\u00e4ndnis ein Bericht an den \u00dcberweiser, Haus- oder Facharzt<\/li>\n<li>Wir bitten Sie, zu jeder Behandlung Ihr eigenes Handtuch\/Badetuch mitzubringen<\/li>\n<li>Zur Erstbehandlung m\u00fcssen Sie einen Ausweis mitbringen<\/li>\n<li>Zur ersten Behandlung bringen Sie auch Ihre Versichertenkarte mit<\/li>\n<\/ul>\n<h2>Beschwerdeverfahren<\/h2>\n<ul>\n<li>Sollten Sie Beschwerden haben, melden Sie dies bitte zuerst dem Therapeuten<\/li>\n<li>Wenn er die Beschwerde nicht zu Ihrer Zufriedenheit l\u00f6st, k\u00f6nnen Sie den Ordner \u201eWenn Sie mit einer Beschwerde \u00fcber Ihren Physiotherapeuten herumlaufen\u201c f\u00fcr weitere Schritte anfordern.<\/li>\n<\/ul>\n<p>Und weiter<\/p>\n<ul>\n<li>Sie sind f\u00fcr Ihre Sachen verantwortlich<\/li>\n<li>Wenn Sie ohne \u00dcberweisung kommen, besteht die erste Behandlung aus einem Screening und einer Aufnahme.<\/li>\n<\/ul>\n<p>Die Krankenkasse rechnet dies als zwei Behandlungen ab<\/p>\n<ul>\n<li>Ein Termin muss 24 Stunden vorher telefonisch abgesagt werden<\/li>\n<\/ul>\n<h2>Honorare<\/h2>\n<p>Ich habe Vertr\u00e4ge mit fast allen Krankenkassen. Sollte meine Praxis keinen Vertrag mit Ihrem Versicherer haben, erhalten Sie die Rechnung selbst. Diese reichen Sie selbst bei Ihrem Versicherer ein und bekommen je nach Police trotzdem einen Gro\u00dfteil des Betrages erstattet.<\/p>\n<p>Bei Fragen usw. senden Sie uns bitte eine E-Mail: info@manueeltherapie-elferink.nl<\/p>\n<\/div><\/div><\/div><\/div><\/div><\/p>\n","protected":false},"excerpt":{"rendered":"","protected":false},"author":1,"featured_media":376,"parent":0,"menu_order":0,"comment_status":"closed","ping_status":"closed","template":"100-width.php","meta":{"footnotes":""},"class_list":["post-393","page","type-page","status-publish","has-post-thumbnail","hentry"],"_links":{"self":[{"href":"https:\/\/www.manueeltherapie-elferink.nl\/de\/wp-json\/wp\/v2\/pages\/393","targetHints":{"allow":["GET"]}}],"collection":[{"href":"https:\/\/www.manueeltherapie-elferink.nl\/de\/wp-json\/wp\/v2\/pages"}],"about":[{"href":"https:\/\/www.manueeltherapie-elferink.nl\/de\/wp-json\/wp\/v2\/types\/page"}],"author":[{"embeddable":true,"href":"https:\/\/www.manueeltherapie-elferink.nl\/de\/wp-json\/wp\/v2\/users\/1"}],"replies":[{"embeddable":true,"href":"https:\/\/www.manueeltherapie-elferink.nl\/de\/wp-json\/wp\/v2\/comments?post=393"}],"version-history":[{"count":5,"href":"https:\/\/www.manueeltherapie-elferink.nl\/de\/wp-json\/wp\/v2\/pages\/393\/revisions"}],"predecessor-version":[{"id":404,"href":"https:\/\/www.manueeltherapie-elferink.nl\/de\/wp-json\/wp\/v2\/pages\/393\/revisions\/404"}],"wp:featuredmedia":[{"embeddable":true,"href":"https:\/\/www.manueeltherapie-elferink.nl\/de\/wp-json\/wp\/v2\/media\/376"}],"wp:attachment":[{"href":"https:\/\/www.manueeltherapie-elferink.nl\/de\/wp-json\/wp\/v2\/media?parent=393"}],"curies":[{"name":"wp","href":"https:\/\/api.w.org\/{rel}","templated":true}]}}