{"id":200,"date":"2021-05-03T13:50:19","date_gmt":"2021-05-03T13:50:19","guid":{"rendered":"https:\/\/www.manueeltherapie-elferink.nl\/manueel-therapie\/"},"modified":"2022-02-03T10:23:36","modified_gmt":"2022-02-03T10:23:36","slug":"manuelle-therapie","status":"publish","type":"page","link":"https:\/\/www.manueeltherapie-elferink.nl\/de\/behandlungsmethoden\/manuelle-therapie\/","title":{"rendered":"Manuelle Therapie"},"content":{"rendered":"<p><div class=\"fusion-fullwidth fullwidth-box fusion-builder-row-1 fusion-flex-container fusion-parallax-none nonhundred-percent-fullwidth non-hundred-percent-height-scrolling\" style=\"--awb-border-radius-top-left:0px;--awb-border-radius-top-right:0px;--awb-border-radius-bottom-right:0px;--awb-border-radius-bottom-left:0px;--awb-padding-top:320px;--awb-padding-bottom:160px;--awb-background-image:linear-gradient(180deg, rgba(8,34,42,0.1) 0%,rgba(8,34,42,0.1) 100%),url(https:\/\/www.manueeltherapie-elferink.nl\/wp-content\/uploads\/2022\/01\/home-manueel-therapie-elferink.jpg);;--awb-background-size:cover;--awb-flex-wrap:wrap;\" ><div class=\"fusion-builder-row fusion-row fusion-flex-align-items-flex-start fusion-flex-content-wrap\" style=\"max-width:1352px;margin-left: calc(-4% \/ 2 );margin-right: calc(-4% \/ 2 );\"><div class=\"fusion-layout-column fusion_builder_column fusion-builder-column-0 fusion_builder_column_1_1 1_1 fusion-flex-column\" style=\"--awb-bg-size:cover;--awb-width-large:100%;--awb-margin-top-large:0px;--awb-spacing-right-large:1.92%;--awb-margin-bottom-large:20px;--awb-spacing-left-large:1.92%;--awb-width-medium:100%;--awb-order-medium:0;--awb-spacing-right-medium:1.92%;--awb-spacing-left-medium:1.92%;--awb-width-small:100%;--awb-order-small:0;--awb-spacing-right-small:1.92%;--awb-spacing-left-small:1.92%;\"><div class=\"fusion-column-wrapper fusion-column-has-shadow fusion-flex-justify-content-flex-start fusion-content-layout-column\"><div class=\"fusion-title title fusion-title-1 fusion-sep-none fusion-title-text fusion-title-size-three\" style=\"--awb-text-color:#ffffff;--awb-margin-bottom:0px;\"><h3 class=\"fusion-title-heading title-heading-left fusion-responsive-typography-calculated\" style=\"margin:0;--fontSize:32;line-height:1.2;\">Behandlungsmethode<\/h3><\/div><div class=\"fusion-title title fusion-title-2 fusion-sep-none fusion-title-text fusion-title-size-one\" style=\"--awb-text-color:#ffffff;\"><h1 class=\"fusion-title-heading title-heading-left fusion-responsive-typography-calculated\" style=\"margin:0;--fontSize:80;line-height:1.2;\">Manuelle Therapie<\/h1><\/div><\/div><\/div><\/div><\/div><div class=\"fusion-fullwidth fullwidth-box fusion-builder-row-2 fusion-flex-container background-gradient-container nonhundred-percent-fullwidth non-hundred-percent-height-scrolling\" style=\"--awb-border-radius-top-left:0px;--awb-border-radius-top-right:0px;--awb-border-radius-bottom-right:0px;--awb-border-radius-bottom-left:0px;--awb-padding-top:0px;--awb-padding-bottom:0px;--awb-background-image:linear-gradient(270deg, rgba(31,163,204,0.1) 50%,rgba(255,255,255,0) 50%);--awb-flex-wrap:wrap;\" ><div class=\"fusion-builder-row fusion-row fusion-flex-align-items-flex-start fusion-flex-content-wrap\" style=\"max-width:1352px;margin-left: calc(-4% \/ 2 );margin-right: calc(-4% \/ 2 );\"><div class=\"fusion-layout-column fusion_builder_column fusion-builder-column-1 fusion_builder_column_1_1 1_1 fusion-flex-column column-padding-left-right\" style=\"--awb-padding-top:128px;--awb-bg-color:#ffffff;--awb-bg-color-hover:#ffffff;--awb-bg-size:cover;--awb-width-large:100%;--awb-margin-top-large:-64px;--awb-spacing-right-large:1.92%;--awb-margin-bottom-large:0px;--awb-spacing-left-large:1.92%;--awb-width-medium:100%;--awb-order-medium:0;--awb-spacing-right-medium:1.92%;--awb-spacing-left-medium:1.92%;--awb-width-small:100%;--awb-order-small:0;--awb-spacing-right-small:1.92%;--awb-spacing-left-small:1.92%;\"><div class=\"fusion-column-wrapper fusion-column-has-shadow fusion-flex-justify-content-flex-start fusion-content-layout-column\"><div class=\"fusion-text fusion-text-1\"><p><strong>Was macht der Manual Therapeut?<\/strong><\/p>\n<p>Der Manual Therapeut behandelt Funktionsst\u00f6rungen des Bewegungsapparates (Gelenke, Muskeln und Nerven) mit spezifischen passiven Techniken. Die Verbesserung der Mechanik des Gelenkes f\u00fchrt zu Schmerzlinderung und erh\u00f6hter Beweglichkeit.<br \/>\nOft sieht man bei Patienten eine \u201eSchiefstellung\u201c der Wirbels\u00e4ule. Legt man ein Brett unter die F\u00fc\u00dfe,\u00a0 ist der Unterschied zwischen linker und rechter Seite der Wirbels\u00e4ule erkennbar, den der Patient auch selbst sp\u00fcren kann. Nach der manual therapeutischen Behandlung ist dieser Schiefstand der Wirbels\u00e4ule oft nicht mehr zu sehen.<\/p>\n<\/div><\/div><\/div><\/div><\/div><div class=\"fusion-fullwidth fullwidth-box fusion-builder-row-3 fusion-flex-container nonhundred-percent-fullwidth non-hundred-percent-height-scrolling\" style=\"--awb-border-radius-top-left:0px;--awb-border-radius-top-right:0px;--awb-border-radius-bottom-right:0px;--awb-border-radius-bottom-left:0px;--awb-flex-wrap:wrap;\" ><div class=\"fusion-builder-row fusion-row fusion-flex-align-items-flex-start fusion-flex-content-wrap\" style=\"max-width:1352px;margin-left: calc(-4% \/ 2 );margin-right: calc(-4% \/ 2 );\"><div class=\"fusion-layout-column fusion_builder_column fusion-builder-column-2 fusion_builder_column_1_1 1_1 fusion-flex-column column-padding-left-right\" style=\"--awb-padding-top:34px;--awb-bg-color:#ffffff;--awb-bg-color-hover:#ffffff;--awb-bg-size:cover;--awb-width-large:100%;--awb-margin-top-large:0px;--awb-spacing-right-large:1.92%;--awb-margin-bottom-large:20px;--awb-spacing-left-large:1.92%;--awb-width-medium:100%;--awb-order-medium:0;--awb-spacing-right-medium:1.92%;--awb-spacing-left-medium:1.92%;--awb-width-small:100%;--awb-order-small:0;--awb-spacing-right-small:1.92%;--awb-spacing-left-small:1.92%;\"><div class=\"fusion-column-wrapper fusion-column-has-shadow fusion-flex-justify-content-flex-start fusion-content-layout-column\"><div class=\"fusion-text fusion-text-2\"><p><strong>F\u00fcr welche Patienten ist manuelle Therapie geeignet?<\/strong><\/p>\n<p>Manuelle Therapie ist sehr effektiv f\u00fcr Patienten mit Beschwerden am Bewegungsapparat. Das hei\u00dft: Beschwerden der Wirbels\u00e4ule, Kopf, Arme und Beine. Beschwerden der Wirbels\u00e4ule treten auf, wenn die Gelenke in ihrer Bewegung eingeschr\u00e4nkt sind. Oft findet sich eine St\u00f6rung an einer Seite der Wirbels\u00e4ule. Die Folge ist jedoch eine St\u00f6rung der Bewegung \u00fcber beide Gelenke der Wirbels\u00e4ule. Im Vergleich zu einem Auto bedeutet es, dass bei einem platten Reifen das Auto automatisch \u201eschiefer\u201c steht. Folge k\u00f6nnen St\u00f6rungen am Auto sein. In der Wirbels\u00e4ule gibt es \u00e4hnliche Probleme. Oft wird eine Schiefstellung der Wirbels\u00e4ule nicht bemerkt, aber es treten Probleme an anderen K\u00f6rperstellen auf, z.B. ein Muskelfaserriss im Oberschenkel oder Beschwerden in den Waden. Hier ist es wichtig, erst die Fehlstellung der Wirbels\u00e4ule zu behandeln. Oft werden dadurch Beschwerden gemildert.<\/p>\n<p>Nach einer Behandlung der Fehlstellung, kann eine Muskelverspannung der umliegenden Muskulatur weiterhin bestehen. Hierf\u00fcr k\u00f6nnen spezifische Techniken, wie Dry Needling (trockenes Nadeln) und Medical Taping (Kinesiology Taping) eingesetzt werden. Beim Dry Needling werden durch Akupunkturnadeln spezifische Punkte (Triggerpunkte) behandelt, die Muskulatur entspannt schneller und der Schmerz wird gelindert. Anschlie\u00dfend wird die betroffene Muskelpartie mit Medical Tape zur Unterst\u00fctzung der Durchblutung versorgt.<\/p>\n<\/div><\/div><\/div><\/div><\/div><\/p>\n","protected":false},"excerpt":{"rendered":"","protected":false},"author":1,"featured_media":376,"parent":201,"menu_order":0,"comment_status":"closed","ping_status":"closed","template":"100-width.php","meta":{"footnotes":""},"class_list":["post-200","page","type-page","status-publish","has-post-thumbnail","hentry"],"_links":{"self":[{"href":"https:\/\/www.manueeltherapie-elferink.nl\/de\/wp-json\/wp\/v2\/pages\/200","targetHints":{"allow":["GET"]}}],"collection":[{"href":"https:\/\/www.manueeltherapie-elferink.nl\/de\/wp-json\/wp\/v2\/pages"}],"about":[{"href":"https:\/\/www.manueeltherapie-elferink.nl\/de\/wp-json\/wp\/v2\/types\/page"}],"author":[{"embeddable":true,"href":"https:\/\/www.manueeltherapie-elferink.nl\/de\/wp-json\/wp\/v2\/users\/1"}],"replies":[{"embeddable":true,"href":"https:\/\/www.manueeltherapie-elferink.nl\/de\/wp-json\/wp\/v2\/comments?post=200"}],"version-history":[{"count":6,"href":"https:\/\/www.manueeltherapie-elferink.nl\/de\/wp-json\/wp\/v2\/pages\/200\/revisions"}],"predecessor-version":[{"id":346,"href":"https:\/\/www.manueeltherapie-elferink.nl\/de\/wp-json\/wp\/v2\/pages\/200\/revisions\/346"}],"up":[{"embeddable":true,"href":"https:\/\/www.manueeltherapie-elferink.nl\/de\/wp-json\/wp\/v2\/pages\/201"}],"wp:featuredmedia":[{"embeddable":true,"href":"https:\/\/www.manueeltherapie-elferink.nl\/de\/wp-json\/wp\/v2\/media\/376"}],"wp:attachment":[{"href":"https:\/\/www.manueeltherapie-elferink.nl\/de\/wp-json\/wp\/v2\/media?parent=200"}],"curies":[{"name":"wp","href":"https:\/\/api.w.org\/{rel}","templated":true}]}}