{"id":188,"date":"2021-05-03T08:31:22","date_gmt":"2021-05-03T08:31:22","guid":{"rendered":"https:\/\/www.manueeltherapie-elferink.nl\/home\/"},"modified":"2022-02-03T09:03:38","modified_gmt":"2022-02-03T09:03:38","slug":"home","status":"publish","type":"page","link":"https:\/\/www.manueeltherapie-elferink.nl\/de\/","title":{"rendered":"Home"},"content":{"rendered":"<p><div class=\"fusion-fullwidth fullwidth-box fusion-builder-row-1 fusion-flex-container fusion-parallax-none nonhundred-percent-fullwidth non-hundred-percent-height-scrolling\" style=\"--awb-border-radius-top-left:0px;--awb-border-radius-top-right:0px;--awb-border-radius-bottom-right:0px;--awb-border-radius-bottom-left:0px;--awb-padding-top:320px;--awb-padding-bottom:160px;--awb-background-image:linear-gradient(180deg, rgba(8,34,42,0.1) 0%,rgba(8,34,42,0.1) 100%),url(https:\/\/www.manueeltherapie-elferink.nl\/wp-content\/uploads\/2022\/01\/home-manueel-therapie.jpg);;--awb-background-size:cover;--awb-flex-wrap:wrap;\" ><div class=\"fusion-builder-row fusion-row fusion-flex-align-items-flex-start fusion-flex-content-wrap\" style=\"max-width:1352px;margin-left: calc(-4% \/ 2 );margin-right: calc(-4% \/ 2 );\"><div class=\"fusion-layout-column fusion_builder_column fusion-builder-column-0 fusion_builder_column_1_1 1_1 fusion-flex-column\" style=\"--awb-bg-size:cover;--awb-width-large:100%;--awb-margin-top-large:0px;--awb-spacing-right-large:1.92%;--awb-margin-bottom-large:20px;--awb-spacing-left-large:1.92%;--awb-width-medium:100%;--awb-order-medium:0;--awb-spacing-right-medium:1.92%;--awb-spacing-left-medium:1.92%;--awb-width-small:100%;--awb-order-small:0;--awb-spacing-right-small:1.92%;--awb-spacing-left-small:1.92%;\"><div class=\"fusion-column-wrapper fusion-column-has-shadow fusion-flex-justify-content-flex-start fusion-content-layout-column\"><div class=\"fusion-title title fusion-title-1 fusion-sep-none fusion-title-text fusion-title-size-three\" style=\"--awb-text-color:#ffffff;--awb-margin-bottom:0px;\"><h3 class=\"fusion-title-heading title-heading-left fusion-responsive-typography-calculated\" style=\"margin:0;--fontSize:32;line-height:1.2;\">Willkommen zu<\/h3><\/div><div class=\"fusion-title title fusion-title-2 fusion-sep-none fusion-title-text fusion-title-size-one\" style=\"--awb-text-color:#ffffff;\"><h1 class=\"fusion-title-heading title-heading-left fusion-responsive-typography-calculated\" style=\"margin:0;--fontSize:80;line-height:1.2;\">Manueel Therapie Elferink<\/h1><\/div><\/div><\/div><\/div><\/div><div class=\"fusion-fullwidth fullwidth-box fusion-builder-row-2 fusion-flex-container background-gradient-container nonhundred-percent-fullwidth non-hundred-percent-height-scrolling\" style=\"--awb-border-radius-top-left:0px;--awb-border-radius-top-right:0px;--awb-border-radius-bottom-right:0px;--awb-border-radius-bottom-left:0px;--awb-padding-top:0px;--awb-padding-bottom:0px;--awb-background-color:#e8f6fa;--awb-flex-wrap:wrap;\" ><div class=\"fusion-builder-row fusion-row fusion-flex-align-items-flex-start fusion-flex-content-wrap\" style=\"max-width:1352px;margin-left: calc(-4% \/ 2 );margin-right: calc(-4% \/ 2 );\"><div class=\"fusion-layout-column fusion_builder_column fusion-builder-column-1 fusion_builder_column_1_1 1_1 fusion-flex-column news-column\" style=\"--awb-bg-color:#e8f6fa;--awb-bg-color-hover:#e8f6fa;--awb-bg-size:cover;--awb-width-large:100%;--awb-margin-top-large:-110px;--awb-spacing-right-large:1.92%;--awb-margin-bottom-large:0px;--awb-spacing-left-large:1.92%;--awb-width-medium:100%;--awb-order-medium:0;--awb-spacing-right-medium:1.92%;--awb-spacing-left-medium:1.92%;--awb-width-small:100%;--awb-order-small:0;--awb-spacing-right-small:1.92%;--awb-spacing-left-small:1.92%;\"><div class=\"fusion-column-wrapper fusion-column-has-shadow fusion-flex-justify-content-flex-start fusion-content-layout-column\"><div class=\"fusion-title title fusion-title-3 fusion-sep-none fusion-title-text fusion-title-size-two\"><h2 class=\"fusion-title-heading title-heading-left fusion-responsive-typography-calculated\" style=\"margin:0;--fontSize:48;line-height:1.2;\">Nieuws<\/h2><\/div><div class=\"fusion-text fusion-text-1\"><p>Corona Regeln:\u00a0 Wichtig ist das man bei Beschwerden wie Erk\u00e4ltung, Halsschmerzen, fieber, etc(corona symptome) zuhause bleibt. Man sollte mindestens 14 Tage ohne Beschwerden sein. Beim besuch bitte ein gro\u00dfen Handtuch\u00a0 mitnehmen.\u00a0 Die Behandlung betr\u00e4gt jetzt 25 min, wegen Desinfizieren, nach der Behandlung.<\/p>\n<p>Ich bin am besten \u00fcber Whats app zu erreichen. Nat\u00fcrlich auch telefonisch, spreche ein bericht auf den Anrufbeantworter und ich werde ihnen so schnell wie m\u00f6glich zur\u00fcck rufen. Schicke\u00a0 ein app oder mail(<a href=\"mailto:info@manueeltherapie-elferink.nl\">info@manueeltherapie-elferink.nl<\/a>)\u00a0 Tel: 0031-657931690<\/p>\n<p>Met vriendelijke groet,<\/p>\n<p>Kasper Elferink<\/p>\n<\/div><\/div><\/div><\/div><\/div><div class=\"fusion-fullwidth fullwidth-box fusion-builder-row-3 fusion-flex-container background-gradient-container nonhundred-percent-fullwidth non-hundred-percent-height-scrolling\" style=\"--awb-border-radius-top-left:0px;--awb-border-radius-top-right:0px;--awb-border-radius-bottom-right:0px;--awb-border-radius-bottom-left:0px;--awb-padding-top:0px;--awb-padding-bottom:0px;--awb-background-image:linear-gradient(270deg, rgba(31,163,204,0.1) 50%,rgba(255,255,255,0) 50%);--awb-flex-wrap:wrap;\" ><div class=\"fusion-builder-row fusion-row fusion-flex-align-items-flex-start fusion-flex-content-wrap\" style=\"max-width:1352px;margin-left: calc(-4% \/ 2 );margin-right: calc(-4% \/ 2 );\"><div class=\"fusion-layout-column fusion_builder_column fusion-builder-column-2 fusion_builder_column_1_1 1_1 fusion-flex-column column-padding-left-right\" style=\"--awb-padding-top:64px;--awb-padding-bottom:64px;--awb-bg-color:#ffffff;--awb-bg-color-hover:#ffffff;--awb-bg-size:cover;--awb-width-large:100%;--awb-margin-top-large:0px;--awb-spacing-right-large:1.92%;--awb-margin-bottom-large:0px;--awb-spacing-left-large:1.92%;--awb-width-medium:100%;--awb-order-medium:0;--awb-spacing-right-medium:1.92%;--awb-spacing-left-medium:1.92%;--awb-width-small:100%;--awb-order-small:0;--awb-spacing-right-small:1.92%;--awb-spacing-left-small:1.92%;\"><div class=\"fusion-column-wrapper fusion-column-has-shadow fusion-flex-justify-content-flex-start fusion-content-layout-column\"><div class=\"fusion-title title fusion-title-4 fusion-sep-none fusion-title-text fusion-title-size-two\"><h2 class=\"fusion-title-heading title-heading-left fusion-responsive-typography-calculated\" style=\"margin:0;--fontSize:48;line-height:1.2;\">Vision<\/h2><\/div><div class=\"fusion-text fusion-text-2\"><p>Ich bin der Meinung, dass der K\u00f6rper \u00fcber ein selbstheilendes Verm\u00f6gen verf\u00fcgt. Durch Blockaden oder Schiefst\u00e4nde der Gelenke kann der Prozess der Selbstheilung oft nicht vollst\u00e4ndig stattfinden. Es gibt unz\u00e4hlige Faktoren, die hierf\u00fcr verantwortlich sind, jedoch liegen nicht alle im Bereich des manuellen Therapeuten. Innerhalb von ein oder zwei Behandlungen sollte die Blockade oder der Schiefstand wieder hergestellt werden. Dann kann der Prozess der Selbstheilung wieder starten. Mit Hilfe von Aufkl\u00e4rungen \u00fcber Haltung, Verhalten und \u00dcbungen ist der Patient im Stande den Prozess der Selbstheilung positiv zu unterst\u00fctzen. Der Patient sollte sich bewusst sein, dass er selbst f\u00fcr eine dauerhafte Heilung des K\u00f6rpers verantwortlich ist. Der Manualtherapeut wirkt unterst\u00fctzend f\u00fcr den Patienten.<\/p>\n<p>Zusammengefasst: Mit so wenig Behandlungen wie m\u00f6glich dem Patienten die M\u00f6glichkeit zur Selbstheilung bieten!<\/p>\n<p>Bei einem ersten Besuch wird durch ein kurzes Screening eine detaillierte Anamnese, eine k\u00f6rperliche Untersuchung eine Behandlung stattfinden.\u00a0 Die Untersuchung richtet sich haupts\u00e4chlich auf St\u00f6rungen der Gelenke (Blockaden, Positions\u00e4nderungen). Die Wirbels\u00e4ule spielt eine sehr wichtige Rolle. Diese so genannten St\u00f6rungen k\u00f6nnen eine Ursache daf\u00fcr sein, warum der K\u00f6rper nicht mehr in der Lage ist, die Selbstheilung voranzutreiben. Die Wirbels\u00e4ule und das Gehirn bilden den Kontrollmechanismus des ganzen K\u00f6rpers und erm\u00f6glichen die Bewegung. Daher k\u00f6nnen St\u00f6rungen der Wirbels\u00e4ule die Bewegung des K\u00f6rpers beeinflussen. Die Wirbels\u00e4ule ist f\u00fcr mich als Manualtherapeut \/ Physiotherapeut ein wichtiger Bezugspunkt f\u00fcr viele Beschwerden.<\/p>\n<p>Beispiele: R\u00fcckenschmerzen mit\/ohne Ausstrahlung; Nackenprobleme mit\/ohne Ausstrahlung; Muskel- und Sehnenprobleme in Armen und Beinen (= Tennisellenbogen, Fersensporn, Schultersehnenprobleme, Muskelfaserrisse, Nackenprobleme, Beschwerden im Brustbereich\/Rippen; Leistenverletzungen; usw.<\/p>\n<p>Nach der Untersuchung entscheide ich gemeinsam mit dem Patienten, ob eine Therapie sinnvoll ist und bespreche ggf. den Ablauf der weiteren Therapie.<\/p>\n<\/div><div class=\"fusion-builder-row fusion-builder-row-inner fusion-row fusion-flex-align-items-flex-start fusion-flex-content-wrap\" style=\"width:104% !important;max-width:104% !important;margin-left: calc(-4% \/ 2 );margin-right: calc(-4% \/ 2 );\"><div class=\"fusion-layout-column fusion_builder_column_inner fusion-builder-nested-column-0 fusion_builder_column_inner_1_1 1_1 fusion-flex-column\" style=\"--awb-padding-top:32px;--awb-bg-size:cover;--awb-width-large:100%;--awb-margin-top-large:0px;--awb-spacing-right-large:1.92%;--awb-margin-bottom-large:20px;--awb-spacing-left-large:1.92%;--awb-width-medium:100%;--awb-order-medium:0;--awb-spacing-right-medium:1.92%;--awb-spacing-left-medium:1.92%;--awb-width-small:100%;--awb-order-small:0;--awb-spacing-right-small:1.92%;--awb-spacing-left-small:1.92%;\"><div class=\"fusion-column-wrapper fusion-column-has-shadow fusion-flex-justify-content-flex-start fusion-content-layout-row\"><div ><a class=\"fusion-button button-flat fusion-button-default-size button-default fusion-button-default button-1 fusion-button-default-span fusion-button-default-type\" style=\"--button_margin-right:32px;\" target=\"_self\" href=\"https:\/\/www.manueeltherapie-elferink.nl\/de\/kontakt\/\"><span class=\"fusion-button-text awb-button__text awb-button__text--default\">Kontakt<\/span><\/a><\/div><div ><a class=\"fusion-button button-flat fusion-button-default-size button-default fusion-button-default button-2 fusion-button-default-span fusion-button-default-type white-button\" target=\"_self\" href=\"https:\/\/www.manueeltherapie-elferink.nl\/de\/behandlungsmethoden\/\"><span class=\"fusion-button-text awb-button__text awb-button__text--default\">Behandlungsmethoden<\/span><\/a><\/div><\/div><\/div><\/div><\/div><\/div><\/div><\/div><div class=\"fusion-fullwidth fullwidth-box fusion-builder-row-4 fusion-flex-container nonhundred-percent-fullwidth non-hundred-percent-height-scrolling\" style=\"--awb-border-radius-top-left:0px;--awb-border-radius-top-right:0px;--awb-border-radius-bottom-right:0px;--awb-border-radius-bottom-left:0px;--awb-padding-bottom:128px;--awb-flex-wrap:wrap;\" ><div class=\"fusion-builder-row fusion-row fusion-flex-align-items-flex-start fusion-flex-content-wrap\" style=\"max-width:1352px;margin-left: calc(-4% \/ 2 );margin-right: calc(-4% \/ 2 );\"><div class=\"fusion-layout-column fusion_builder_column fusion-builder-column-3 fusion_builder_column_1_1 1_1 fusion-flex-column column-padding-left-right\" style=\"--awb-bg-size:cover;--awb-width-large:100%;--awb-margin-top-large:0px;--awb-spacing-right-large:1.92%;--awb-margin-bottom-large:20px;--awb-spacing-left-large:1.92%;--awb-width-medium:100%;--awb-order-medium:0;--awb-spacing-right-medium:1.92%;--awb-spacing-left-medium:1.92%;--awb-width-small:100%;--awb-order-small:0;--awb-spacing-right-small:1.92%;--awb-spacing-left-small:1.92%;\"><div class=\"fusion-column-wrapper fusion-column-has-shadow fusion-flex-justify-content-flex-start fusion-content-layout-column\"><div class=\"fusion-title title fusion-title-5 fusion-sep-none fusion-title-text fusion-title-size-two\"><h2 class=\"fusion-title-heading title-heading-left fusion-responsive-typography-calculated\" style=\"margin:0;--fontSize:48;line-height:1.2;\">Behandlungsmethoden<\/h2><\/div><div class=\"fusion-text fusion-text-3\"><p>Im Folgenden erfahren Sie mehr \u00fcber die Behandlungsmethoden, die in Manueel Therapie Elferink angewendet werden.<\/p>\n<\/div><\/div><\/div><div class=\"fusion-layout-column fusion_builder_column fusion-builder-column-4 fusion_builder_column_1_1 1_1 fusion-flex-column\" style=\"--awb-bg-size:cover;--awb-width-large:100%;--awb-margin-top-large:0px;--awb-spacing-right-large:1.92%;--awb-margin-bottom-large:20px;--awb-spacing-left-large:1.92%;--awb-width-medium:100%;--awb-order-medium:0;--awb-spacing-right-medium:1.92%;--awb-spacing-left-medium:1.92%;--awb-width-small:100%;--awb-order-small:0;--awb-spacing-right-small:1.92%;--awb-spacing-left-small:1.92%;\"><div class=\"fusion-column-wrapper fusion-column-has-shadow fusion-flex-justify-content-flex-start fusion-content-layout-column\"><div class=\"fusion-tabs fusion-tabs-1 classic nav-not-justified horizontal-tabs icon-position-left mobile-mode-accordion\" style=\"--awb-title-border-radius-top-left:0px;--awb-title-border-radius-top-right:0px;--awb-title-border-radius-bottom-right:0px;--awb-title-border-radius-bottom-left:0px;--awb-inactive-color:#f9f9fb;--awb-background-color:#ffffff;--awb-border-color:#e2e2e2;--awb-active-border-color:#1fa3cc;\"><div class=\"nav\"><ul class=\"nav-tabs\" role=\"tablist\"><li class=\"active\" role=\"presentation\"><a class=\"tab-link\" data-toggle=\"tab\" role=\"tab\" aria-controls=\"tab-9a705e87df4c1df7822\" aria-selected=\"true\" id=\"fusion-tab-manuelletherapie\" href=\"#tab-9a705e87df4c1df7822\"><h4 class=\"fusion-tab-heading\">Manuelle Therapie<\/h4><\/a><\/li><\/ul><\/div><div class=\"tab-content\"><div class=\"nav fusion-mobile-tab-nav\"><ul class=\"nav-tabs\" role=\"tablist\"><li class=\"active\" role=\"presentation\"><a class=\"tab-link\" data-toggle=\"tab\" role=\"tab\" aria-controls=\"tab-9a705e87df4c1df7822\" aria-selected=\"true\" id=\"mobile-fusion-tab-manuelletherapie\" href=\"#tab-9a705e87df4c1df7822\"><h4 class=\"fusion-tab-heading\">Manuelle Therapie<\/h4><\/a><\/li><\/ul><\/div><div class=\"tab-pane fade fusion-clearfix in active\" role=\"tabpanel\" tabindex=\"0\" aria-labelledby=\"fusion-tab-manuelletherapie\" id=\"tab-9a705e87df4c1df7822\">\n<div class=\"tab-content-wrapper\"><div class=\"tab-image\"><img decoding=\"async\" src=\"https:\/\/www.manueeltherapie-elferink.nl\/wp-content\/uploads\/2022\/02\/behandelmethode-bg.webp\"\/><\/div><div class=\"tab-info\"><h3>Manuelle Therapie<\/h3><p><p>Der Manual Therapeut behandelt Funktionsst\u00f6rungen des Bewegungsapparates (Gelenke, Muskeln und Nerven) mit spezifischen passiven Techniken. Die Verbesserung der Mechanik des Gelenkes f\u00fchrt zu Schmerzlinderung und erh\u00f6hter Beweglichkeit.<\/p>\n<\/p><a href=\"https:\/\/www.manueeltherapie-elferink.nl\/de\/behandlungsmethoden\/manuelle-therapie\/\">Mehr \u00fcber Manuelle Therapie<\/a><\/div><\/div>\n<\/div><\/div><\/div><\/div><\/div><\/div><\/div><div class=\"fusion-fullwidth fullwidth-box fusion-builder-row-5 fusion-flex-container container-bg-left background-gradient-container nonhundred-percent-fullwidth non-hundred-percent-height-scrolling\" style=\"--awb-background-position:left center;--awb-border-radius-top-left:0px;--awb-border-radius-top-right:0px;--awb-border-radius-bottom-right:0px;--awb-border-radius-bottom-left:0px;--awb-padding-top:0px;--awb-padding-bottom:0px;--awb-background-color:rgba(31,163,204,0.1);--awb-flex-wrap:wrap;\" ><div class=\"fusion-builder-row fusion-row fusion-flex-align-items-flex-start fusion-flex-content-wrap\" style=\"max-width:calc( 1300px + 0px );margin-left: calc(-0px \/ 2 );margin-right: calc(-0px \/ 2 );\"><div class=\"fusion-layout-column fusion_builder_column fusion-builder-column-5 fusion_builder_column_1_2 1_2 fusion-flex-column\" style=\"--awb-bg-size:cover;--awb-width-large:50%;--awb-margin-top-large:0px;--awb-spacing-right-large:0px;--awb-margin-bottom-large:0px;--awb-spacing-left-large:0px;--awb-width-medium:50%;--awb-order-medium:0;--awb-spacing-right-medium:0px;--awb-spacing-left-medium:0px;--awb-width-small:100%;--awb-order-small:0;--awb-spacing-right-small:0px;--awb-spacing-left-small:0px;\"><div class=\"fusion-column-wrapper fusion-column-has-shadow fusion-flex-justify-content-flex-start fusion-content-layout-column\"><\/div><\/div><div class=\"fusion-layout-column fusion_builder_column fusion-builder-column-6 fusion_builder_column_1_2 1_2 fusion-flex-column\" style=\"--awb-padding-top:128px;--awb-padding-right:128px;--awb-padding-bottom:128px;--awb-padding-left:128px;--awb-bg-color:#ffffff;--awb-bg-color-hover:#ffffff;--awb-bg-size:cover;--awb-width-large:50%;--awb-margin-top-large:0px;--awb-spacing-right-large:0px;--awb-margin-bottom-large:0px;--awb-spacing-left-large:0px;--awb-width-medium:50%;--awb-order-medium:0;--awb-spacing-right-medium:0px;--awb-spacing-left-medium:0px;--awb-width-small:100%;--awb-order-small:0;--awb-spacing-right-small:0px;--awb-spacing-left-small:0px;\"><div class=\"fusion-column-wrapper fusion-column-has-shadow fusion-flex-justify-content-flex-start fusion-content-layout-column\"><div class=\"fusion-title title fusion-title-6 fusion-sep-none fusion-title-text fusion-title-size-three\" style=\"--awb-text-color:#1fa3cc;\"><h3 class=\"fusion-title-heading title-heading-left fusion-responsive-typography-calculated\" style=\"margin:0;--fontSize:32;line-height:1.2;\">\u00d6ffnungszeiten<\/h3><\/div>\n<div class=\"table-1 table-wrapper\">\n<table width=\"100%\">\n<tbody>\n<tr>\n<td align=\"left\">Montag<\/td>\n<td align=\"left\">09.30 \/ 19.00<\/td>\n<\/tr>\n<tr>\n<td align=\"left\">Dienstag<\/td>\n<td align=\"left\">09.00 \/ 18.00<\/td>\n<\/tr>\n<tr>\n<td align=\"left\">Mittwoch<\/td>\n<td align=\"left\">Geschlossen<\/td>\n<\/tr>\n<tr>\n<td align=\"left\">Donnerstag<\/td>\n<td align=\"left\">09.00 \/ 19.00<\/td>\n<\/tr>\n<tr>\n<td align=\"left\">Freitag<\/td>\n<td align=\"left\">08.30 \/ 14.00<\/td>\n<\/tr>\n<tr>\n<td align=\"left\">Samstag \/ Sonntag<\/td>\n<td align=\"left\">Geschlossen<\/td>\n<\/tr>\n<\/tbody>\n<\/table>\n<\/div>\n<div ><a class=\"fusion-button button-flat fusion-button-default-size button-default fusion-button-default button-3 fusion-button-default-span fusion-button-default-type white-button\" style=\"--button_margin-top:32px;\" target=\"_self\" href=\"https:\/\/www.manueeltherapie-elferink.nl\/de\/kontakt\/\"><span class=\"fusion-button-text awb-button__text awb-button__text--default\">Kontakt<\/span><\/a><\/div><\/div><\/div><\/div><\/div><div class=\"fusion-fullwidth fullwidth-box fusion-builder-row-6 fusion-flex-container container-bg-right nonhundred-percent-fullwidth non-hundred-percent-height-scrolling\" style=\"--awb-background-position:left center;--awb-border-radius-top-left:0px;--awb-border-radius-top-right:0px;--awb-border-radius-bottom-right:0px;--awb-border-radius-bottom-left:0px;--awb-padding-top:0px;--awb-padding-bottom:0px;--awb-flex-wrap:wrap;\" ><div class=\"fusion-builder-row fusion-row fusion-flex-align-items-flex-start fusion-flex-content-wrap\" style=\"max-width:calc( 1300px + 0px );margin-left: calc(-0px \/ 2 );margin-right: calc(-0px \/ 2 );\"><div class=\"fusion-layout-column fusion_builder_column fusion-builder-column-7 fusion_builder_column_1_2 1_2 fusion-flex-column\" style=\"--awb-padding-top:128px;--awb-padding-right:128px;--awb-padding-bottom:128px;--awb-padding-left:128px;--awb-bg-color:#ffffff;--awb-bg-color-hover:#ffffff;--awb-bg-size:cover;--awb-width-large:50%;--awb-margin-top-large:0px;--awb-spacing-right-large:0px;--awb-margin-bottom-large:0px;--awb-spacing-left-large:0px;--awb-width-medium:50%;--awb-order-medium:0;--awb-spacing-right-medium:0px;--awb-spacing-left-medium:0px;--awb-width-small:100%;--awb-order-small:0;--awb-spacing-right-small:0px;--awb-spacing-left-small:0px;\"><div class=\"fusion-column-wrapper fusion-column-has-shadow fusion-flex-justify-content-flex-start fusion-content-layout-column\"><div class=\"fusion-title title fusion-title-7 fusion-sep-none fusion-title-text fusion-title-size-three\" style=\"--awb-text-color:#1fa3cc;\"><h3 class=\"fusion-title-heading title-heading-left fusion-responsive-typography-calculated\" style=\"margin:0;--fontSize:32;line-height:1.2;\">Manueel Therapie Elferink<\/h3><\/div><div class=\"fusion-text fusion-text-4\"><p>Besuchen Sie uns unter der unten angegebenen Adresse.<\/p>\n<p>Misterstraat 8<br \/>\n7126 CD Bredevoort<\/p>\n<p><a href=\"tel:+31657931690\">+31(0) 657 931 690<\/a><\/p>\n<p><a href=\"mailto:info@manueeltherapie-elferink.nl\">info@manueeltherapie-elferink.nl<\/a><\/p>\n<\/div><\/div><\/div><div class=\"fusion-layout-column fusion_builder_column fusion-builder-column-8 fusion_builder_column_1_2 1_2 fusion-flex-column\" style=\"--awb-bg-size:cover;--awb-width-large:50%;--awb-margin-top-large:0px;--awb-spacing-right-large:0px;--awb-margin-bottom-large:0px;--awb-spacing-left-large:0px;--awb-width-medium:50%;--awb-order-medium:0;--awb-spacing-right-medium:0px;--awb-spacing-left-medium:0px;--awb-width-small:100%;--awb-order-small:0;--awb-spacing-right-small:0px;--awb-spacing-left-small:0px;\"><div class=\"fusion-column-wrapper fusion-column-has-shadow fusion-flex-justify-content-flex-start fusion-content-layout-column\"><\/div><\/div><\/div><\/div><div class=\"fusion-fullwidth fullwidth-box fusion-builder-row-7 fusion-flex-container background-gradient-container nonhundred-percent-fullwidth non-hundred-percent-height-scrolling\" style=\"--awb-border-radius-top-left:0px;--awb-border-radius-top-right:0px;--awb-border-radius-bottom-right:0px;--awb-border-radius-bottom-left:0px;--awb-padding-bottom:128px;--awb-background-image:linear-gradient(0deg, rgba(31,163,204,0.1) 50%,rgba(255,255,255,0) 0%);--awb-flex-wrap:wrap;\" ><div class=\"fusion-builder-row fusion-row fusion-flex-align-items-flex-start fusion-flex-content-wrap\" style=\"max-width:1352px;margin-left: calc(-4% \/ 2 );margin-right: calc(-4% \/ 2 );\"><div class=\"fusion-layout-column fusion_builder_column fusion-builder-column-9 fusion_builder_column_1_1 1_1 fusion-flex-column column-padding-left-right\" style=\"--awb-padding-top:110px;--awb-padding-right:110px;--awb-padding-bottom:110px;--awb-padding-left:110px;--awb-bg-color:#ffffff;--awb-bg-color-hover:#ffffff;--awb-bg-size:cover;--awb-width-large:100%;--awb-margin-top-large:0px;--awb-spacing-right-large:1.92%;--awb-margin-bottom-large:0px;--awb-spacing-left-large:1.92%;--awb-width-medium:100%;--awb-order-medium:0;--awb-spacing-right-medium:1.92%;--awb-spacing-left-medium:1.92%;--awb-width-small:100%;--awb-order-small:0;--awb-spacing-right-small:1.92%;--awb-spacing-left-small:1.92%;\"><div class=\"fusion-column-wrapper fusion-column-has-shadow fusion-flex-justify-content-flex-start fusion-content-layout-column\"><div class=\"fusion-title title fusion-title-8 fusion-sep-none fusion-title-center fusion-title-text fusion-title-size-two\"><h2 class=\"fusion-title-heading title-heading-center fusion-responsive-typography-calculated\" style=\"margin:0;--fontSize:48;line-height:1.2;\"><span style=\"font-weight: 400;\">Hast du Zweifel?<\/span> Z\u00f6gern Sie nicht<\/h2><\/div><div class=\"fusion-text fusion-text-5\" style=\"--awb-text-transform:none;\"><p style=\"text-align: center;\">Haben Sie Beschwerden? Vereinbaren Sie einen Termin und gemeinsam finden wir heraus, welche Behandlungsmethode am besten zu Ihrem konkreten Beschwerdebild passt.<\/p>\n<\/div><div style=\"text-align:center;\"><a class=\"fusion-button button-flat fusion-button-default-size button-default fusion-button-default button-4 fusion-button-default-span fusion-button-default-type\" style=\"--button_margin-top:32px;\" target=\"_self\" href=\"https:\/\/www.manueeltherapie-elferink.nl\/de\/kontakt\/\"><span class=\"fusion-button-text awb-button__text awb-button__text--default\">Kontakt<\/span><\/a><\/div><\/div><\/div><\/div><\/div><\/p>\n","protected":false},"excerpt":{"rendered":"","protected":false},"author":1,"featured_media":0,"parent":0,"menu_order":0,"comment_status":"closed","ping_status":"closed","template":"100-width.php","meta":{"footnotes":""},"class_list":["post-188","page","type-page","status-publish","hentry"],"_links":{"self":[{"href":"https:\/\/www.manueeltherapie-elferink.nl\/de\/wp-json\/wp\/v2\/pages\/188","targetHints":{"allow":["GET"]}}],"collection":[{"href":"https:\/\/www.manueeltherapie-elferink.nl\/de\/wp-json\/wp\/v2\/pages"}],"about":[{"href":"https:\/\/www.manueeltherapie-elferink.nl\/de\/wp-json\/wp\/v2\/types\/page"}],"author":[{"embeddable":true,"href":"https:\/\/www.manueeltherapie-elferink.nl\/de\/wp-json\/wp\/v2\/users\/1"}],"replies":[{"embeddable":true,"href":"https:\/\/www.manueeltherapie-elferink.nl\/de\/wp-json\/wp\/v2\/comments?post=188"}],"version-history":[{"count":24,"href":"https:\/\/www.manueeltherapie-elferink.nl\/de\/wp-json\/wp\/v2\/pages\/188\/revisions"}],"predecessor-version":[{"id":355,"href":"https:\/\/www.manueeltherapie-elferink.nl\/de\/wp-json\/wp\/v2\/pages\/188\/revisions\/355"}],"wp:attachment":[{"href":"https:\/\/www.manueeltherapie-elferink.nl\/de\/wp-json\/wp\/v2\/media?parent=188"}],"curies":[{"name":"wp","href":"https:\/\/api.w.org\/{rel}","templated":true}]}}